{"id":157,"date":"2024-11-01T22:48:56","date_gmt":"2024-11-01T22:48:56","guid":{"rendered":"https:\/\/see.monetae.com.co\/?page_id=157"},"modified":"2024-11-02T01:05:38","modified_gmt":"2024-11-02T01:05:38","slug":"idiomas","status":"publish","type":"page","link":"https:\/\/see.monetae.com.co\/help\/idiomas\/","title":{"rendered":"Idiomas"},"content":{"rendered":"\t\t<div data-elementor-type=\"wp-page\" data-elementor-id=\"157\" class=\"elementor elementor-157\" data-elementor-post-type=\"page\">\n\t\t\t\t<div class=\"elementor-element elementor-element-3be98d6 e-flex e-con-boxed e-con e-parent\" data-id=\"3be98d6\" data-element_type=\"container\" data-e-type=\"container\" data-settings=\"{&quot;background_background&quot;:&quot;classic&quot;,&quot;animation&quot;:&quot;none&quot;}\">\n\t\t\t\t\t<div class=\"e-con-inner\">\n\t\t\t\t<div class=\"elementor-element elementor-element-cf2f029 elementor-widget elementor-widget-heading\" data-id=\"cf2f029\" data-element_type=\"widget\" data-e-type=\"widget\" data-widget_type=\"heading.default\">\n\t\t\t\t<div class=\"elementor-widget-container\">\n\t\t\t\t\t<h2 class=\"elementor-heading-title elementor-size-default\">\u00bfBiling\u00fce o triling\u00fce? \u00a1Con HELP podr\u00e1s ser un pol\u00edglota!<\/h2>\t\t\t\t<\/div>\n\t\t\t\t<\/div>\n\t\t\t\t<div class=\"elementor-element elementor-element-431c256 elementor-widget elementor-widget-text-editor\" data-id=\"431c256\" data-element_type=\"widget\" data-e-type=\"widget\" data-widget_type=\"text-editor.default\">\n\t\t\t\t<div class=\"elementor-widget-container\">\n\t\t\t\t\t\t\t\t\t<p>Domina el ingl\u00e9s, aprende franc\u00e9s e int\u00e9grate a nuevas culturas globales, mientras experimentas la nueva manera de sumergirte en un idioma.<\/p>\t\t\t\t\t\t\t\t<\/div>\n\t\t\t\t<\/div>\n\t\t\t\t<div class=\"elementor-element elementor-element-d65c2eb elementor-align-center elementor-widget elementor-widget-button\" data-id=\"d65c2eb\" data-element_type=\"widget\" data-e-type=\"widget\" data-widget_type=\"button.default\">\n\t\t\t\t<div class=\"elementor-widget-container\">\n\t\t\t\t\t\t\t\t\t<div class=\"elementor-button-wrapper\">\n\t\t\t\t\t<a class=\"elementor-button elementor-button-link elementor-size-sm\" href=\"#ingles\">\n\t\t\t\t\t\t<span class=\"elementor-button-content-wrapper\">\n\t\t\t\t\t\t\t\t\t<span class=\"elementor-button-text\">Conoce nuestros idiomas<\/span>\n\t\t\t\t\t<\/span>\n\t\t\t\t\t<\/a>\n\t\t\t\t<\/div>\n\t\t\t\t\t\t\t\t<\/div>\n\t\t\t\t<\/div>\n\t\t\t\t\t<\/div>\n\t\t\t\t<\/div>\n\t\t<div class=\"elementor-element elementor-element-25442a7 e-flex e-con-boxed e-con e-parent\" data-id=\"25442a7\" data-element_type=\"container\" data-e-type=\"container\">\n\t\t\t\t\t<div class=\"e-con-inner\">\n\t\t\t\t<div class=\"elementor-element elementor-element-069dcb6 elementor-widget-divider--view-line elementor-widget elementor-widget-divider\" data-id=\"069dcb6\" data-element_type=\"widget\" data-e-type=\"widget\" data-widget_type=\"divider.default\">\n\t\t\t\t<div class=\"elementor-widget-container\">\n\t\t\t\t\t\t\t<div class=\"elementor-divider\">\n\t\t\t<span class=\"elementor-divider-separator\">\n\t\t\t\t\t\t<\/span>\n\t\t<\/div>\n\t\t\t\t\t\t<\/div>\n\t\t\t\t<\/div>\n\t\t\t\t\t<\/div>\n\t\t\t\t<\/div>\n\t\t<div class=\"elementor-element elementor-element-fd956b9 e-con-full e-flex e-con e-parent\" data-id=\"fd956b9\" data-element_type=\"container\" data-e-type=\"container\" id=\"ingles\" data-settings=\"{&quot;background_background&quot;:&quot;classic&quot;}\">\n\t\t<div class=\"elementor-element elementor-element-c41d31c e-con-full e-flex elementor-invisible e-con e-child\" data-id=\"c41d31c\" data-element_type=\"container\" data-e-type=\"container\" data-settings=\"{&quot;animation&quot;:&quot;fadeInLeft&quot;}\">\n\t\t<div class=\"elementor-element elementor-element-a732887 e-con-full e-flex e-con e-child\" data-id=\"a732887\" data-element_type=\"container\" data-e-type=\"container\">\n\t\t\t\t<div class=\"elementor-element elementor-element-d7ec676 elementor-widget elementor-widget-heading\" data-id=\"d7ec676\" data-element_type=\"widget\" data-e-type=\"widget\" data-widget_type=\"heading.default\">\n\t\t\t\t<div class=\"elementor-widget-container\">\n\t\t\t\t\t<h2 class=\"elementor-heading-title elementor-size-default\">Ingl\u00e9s<\/h2>\t\t\t\t<\/div>\n\t\t\t\t<\/div>\n\t\t<div class=\"elementor-element elementor-element-fcb8d84 e-con-full e-flex e-con e-child\" data-id=\"fcb8d84\" data-element_type=\"container\" data-e-type=\"container\" data-settings=\"{&quot;background_background&quot;:&quot;gradient&quot;}\">\n\t\t\t\t<div class=\"elementor-element elementor-element-84d277d elementor-widget elementor-widget-heading\" data-id=\"84d277d\" data-element_type=\"widget\" data-e-type=\"widget\" data-widget_type=\"heading.default\">\n\t\t\t\t<div class=\"elementor-widget-container\">\n\t\t\t\t\t<h6 class=\"elementor-heading-title elementor-size-default\"><a href=\"https:\/\/see.monetae.com.co\/idiomas\/#ingles\">\u2b50\ufe0f M\u00e1s Popular<\/a><\/h6>\t\t\t\t<\/div>\n\t\t\t\t<\/div>\n\t\t\t\t<\/div>\n\t\t\t\t<div class=\"elementor-element elementor-element-0e2ed4f elementor-widget elementor-widget-text-editor\" data-id=\"0e2ed4f\" data-element_type=\"widget\" data-e-type=\"widget\" data-widget_type=\"text-editor.default\">\n\t\t\t\t<div class=\"elementor-widget-container\">\n\t\t\t\t\t\t\t\t\t<p>Conoce HELP y aprende idiomas mientras vives una experiencia \u00fanica e inolvidable. Sum\u00e9rgete en un ambiente donde podr\u00e1s re\u00edrte, sentir y aprender de manera natural y divertida. En HELP, no solo mejorar\u00e1s tus habilidades ling\u00fc\u00edsticas, sino que tambi\u00e9n recibir\u00e1s un coaching personalizado que te ayudar\u00e1 a alcanzar tus metas.<\/p>\t\t\t\t\t\t\t\t<\/div>\n\t\t\t\t<\/div>\n\t\t\t\t<div class=\"elementor-element elementor-element-904af49 elementor-align-center elementor-widget elementor-widget-button\" data-id=\"904af49\" data-element_type=\"widget\" data-e-type=\"widget\" data-widget_type=\"button.default\">\n\t\t\t\t<div class=\"elementor-widget-container\">\n\t\t\t\t\t\t\t\t\t<div class=\"elementor-button-wrapper\">\n\t\t\t\t\t<a class=\"elementor-button elementor-button-link elementor-size-sm\" href=\"#cta\">\n\t\t\t\t\t\t<span class=\"elementor-button-content-wrapper\">\n\t\t\t\t\t\t\t\t\t<span class=\"elementor-button-text\">Quiero vivir esta experiencia<\/span>\n\t\t\t\t\t<\/span>\n\t\t\t\t\t<\/a>\n\t\t\t\t<\/div>\n\t\t\t\t\t\t\t\t<\/div>\n\t\t\t\t<\/div>\n\t\t\t\t<\/div>\n\t\t\t\t<\/div>\n\t\t<div class=\"elementor-element elementor-element-2cd583a e-con-full elementor-hidden-tablet elementor-hidden-mobile e-flex e-con e-child\" data-id=\"2cd583a\" data-element_type=\"container\" data-e-type=\"container\">\n\t\t\t\t<\/div>\n\t\t<div class=\"elementor-element elementor-element-a0260d7 e-con-full e-flex elementor-invisible e-con e-child\" data-id=\"a0260d7\" data-element_type=\"container\" data-e-type=\"container\" data-settings=\"{&quot;animation&quot;:&quot;fadeInLeft&quot;}\">\n\t\t\t\t<div class=\"elementor-element elementor-element-81154dd elementor-widget__width-initial elementor-widget elementor-widget-text-editor\" data-id=\"81154dd\" data-element_type=\"widget\" data-e-type=\"widget\" data-widget_type=\"text-editor.default\">\n\t\t\t\t<div class=\"elementor-widget-container\">\n\t\t\t\t\t\t\t\t\t<p>Nuestro programa de ingl\u00e9s ofrece una experiencia de aprendizaje que es tanto efectiva como divertida.<\/p><ul><li><strong>Ventajas globales:<\/strong>\u00a0Domina el idioma m\u00e1s hablado en el mundo y abre puertas a oportunidades internacionales.\u00a0<\/li><li><strong>Ambiente \u00fanico:<\/strong>\u00a0Sum\u00e9rgete en un entorno donde aprender ingl\u00e9s es natural y divertido.\u00a0<\/li><li><strong>Mejora ling\u00fc\u00edstica:<\/strong>\u00a0Mejora tus habilidades en ingl\u00e9s de manera significativa.\u00a0<\/li><li><strong>Coaching personalizado:<\/strong>\u00a0Recibe apoyo individualizado para alcanzar tus metas.\u00a0<\/li><li><strong>Experiencia inolvidable:<\/strong>\u00a0Vive momentos memorables mientras aprendes ingl\u00e9s.\u00a0<\/li><li><strong>Diversi\u00f3n garantizada:<\/strong>\u00a0R\u00ede y disfruta mientras adquieres nuevos conocimientos.<\/li><\/ul>\t\t\t\t\t\t\t\t<\/div>\n\t\t\t\t<\/div>\n\t\t\t\t<\/div>\n\t\t\t\t<\/div>\n\t\t<div class=\"elementor-element elementor-element-d68871d e-con-full e-flex e-con e-parent\" data-id=\"d68871d\" data-element_type=\"container\" data-e-type=\"container\" id=\"frances\" data-settings=\"{&quot;background_background&quot;:&quot;classic&quot;}\">\n\t\t<div class=\"elementor-element elementor-element-d9a46c2 e-con-full e-flex elementor-invisible e-con e-child\" data-id=\"d9a46c2\" data-element_type=\"container\" data-e-type=\"container\" data-settings=\"{&quot;animation&quot;:&quot;fadeInRight&quot;}\">\n\t\t<div class=\"elementor-element elementor-element-fec31fe e-con-full e-flex e-con e-child\" data-id=\"fec31fe\" data-element_type=\"container\" data-e-type=\"container\">\n\t\t\t\t<div class=\"elementor-element elementor-element-55e956e elementor-widget elementor-widget-heading\" data-id=\"55e956e\" data-element_type=\"widget\" data-e-type=\"widget\" data-widget_type=\"heading.default\">\n\t\t\t\t<div class=\"elementor-widget-container\">\n\t\t\t\t\t<h2 class=\"elementor-heading-title elementor-size-default\">Franc\u00e9s<\/h2>\t\t\t\t<\/div>\n\t\t\t\t<\/div>\n\t\t<div class=\"elementor-element elementor-element-9c557e1 e-con-full e-flex e-con e-child\" data-id=\"9c557e1\" data-element_type=\"container\" data-e-type=\"container\" data-settings=\"{&quot;background_background&quot;:&quot;gradient&quot;}\">\n\t\t\t\t<div class=\"elementor-element elementor-element-fbb9f16 elementor-widget elementor-widget-heading\" data-id=\"fbb9f16\" data-element_type=\"widget\" data-e-type=\"widget\" data-widget_type=\"heading.default\">\n\t\t\t\t<div class=\"elementor-widget-container\">\n\t\t\t\t\t<h6 class=\"elementor-heading-title elementor-size-default\"><a href=\"https:\/\/see.monetae.com.co\/idiomas\/#ingles\">\ud83c\udf93 Mejor Opci\u00f3n\u200b<\/a><\/h6>\t\t\t\t<\/div>\n\t\t\t\t<\/div>\n\t\t\t\t<\/div>\n\t\t\t\t<div class=\"elementor-element elementor-element-d839e4e elementor-widget elementor-widget-text-editor\" data-id=\"d839e4e\" data-element_type=\"widget\" data-e-type=\"widget\" data-widget_type=\"text-editor.default\">\n\t\t\t\t<div class=\"elementor-widget-container\">\n\t\t\t\t\t\t\t\t\t<p>Conoce HELP y aprende idiomas mientras vives una experiencia \u00fanica e inolvidable. Sum\u00e9rgete en un ambiente donde podr\u00e1s re\u00edrte, sentir y aprender de manera natural y divertida. En HELP, no solo mejorar\u00e1s tus habilidades ling\u00fc\u00edsticas, sino que tambi\u00e9n recibir\u00e1s un coaching personalizado que te ayudar\u00e1 a alcanzar tus metas.<\/p>\t\t\t\t\t\t\t\t<\/div>\n\t\t\t\t<\/div>\n\t\t\t\t<div class=\"elementor-element elementor-element-6493f1d elementor-align-center elementor-widget elementor-widget-button\" data-id=\"6493f1d\" data-element_type=\"widget\" data-e-type=\"widget\" data-widget_type=\"button.default\">\n\t\t\t\t<div class=\"elementor-widget-container\">\n\t\t\t\t\t\t\t\t\t<div class=\"elementor-button-wrapper\">\n\t\t\t\t\t<a class=\"elementor-button elementor-button-link elementor-size-sm\" href=\"#cta\">\n\t\t\t\t\t\t<span class=\"elementor-button-content-wrapper\">\n\t\t\t\t\t\t\t\t\t<span class=\"elementor-button-text\">Quiero vivir esta experiencia<\/span>\n\t\t\t\t\t<\/span>\n\t\t\t\t\t<\/a>\n\t\t\t\t<\/div>\n\t\t\t\t\t\t\t\t<\/div>\n\t\t\t\t<\/div>\n\t\t\t\t<\/div>\n\t\t\t\t<\/div>\n\t\t<div class=\"elementor-element elementor-element-be69160 e-con-full elementor-hidden-mobile e-flex e-con e-child\" data-id=\"be69160\" data-element_type=\"container\" data-e-type=\"container\">\n\t\t\t\t<\/div>\n\t\t<div class=\"elementor-element elementor-element-8126b25 e-con-full e-flex elementor-invisible e-con e-child\" data-id=\"8126b25\" data-element_type=\"container\" data-e-type=\"container\" data-settings=\"{&quot;animation&quot;:&quot;fadeInRight&quot;}\">\n\t\t\t\t<div class=\"elementor-element elementor-element-2b893c6 elementor-widget__width-initial elementor-widget elementor-widget-text-editor\" data-id=\"2b893c6\" data-element_type=\"widget\" data-e-type=\"widget\" data-widget_type=\"text-editor.default\">\n\t\t\t\t<div class=\"elementor-widget-container\">\n\t\t\t\t\t\t\t\t\t<p>Nuestro programa de ingl\u00e9s ofrece una experiencia de aprendizaje que es tanto efectiva como divertida.<\/p><ul><li><strong>Ventajas globales:<\/strong>\u00a0Domina el idioma m\u00e1s hablado en el mundo y abre puertas a oportunidades internacionales.\u00a0<\/li><li><strong>Ambiente \u00fanico:<\/strong>\u00a0Sum\u00e9rgete en un entorno donde aprender ingl\u00e9s es natural y divertido.\u00a0<\/li><li><strong>Mejora ling\u00fc\u00edstica:<\/strong>\u00a0Mejora tus habilidades en ingl\u00e9s de manera significativa.\u00a0<\/li><li><strong>Coaching personalizado:<\/strong>\u00a0Recibe apoyo individualizado para alcanzar tus metas.\u00a0<\/li><li><strong>Experiencia inolvidable:<\/strong>\u00a0Vive momentos memorables mientras aprendes ingl\u00e9s.\u00a0<\/li><li><strong>Diversi\u00f3n garantizada:<\/strong>\u00a0R\u00ede y disfruta mientras adquieres nuevos conocimientos.<\/li><\/ul>\t\t\t\t\t\t\t\t<\/div>\n\t\t\t\t<\/div>\n\t\t\t\t<\/div>\n\t\t\t\t<\/div>\n\t\t<div class=\"elementor-element elementor-element-fc6c626 e-con-full e-flex e-con e-parent\" data-id=\"fc6c626\" data-element_type=\"container\" data-e-type=\"container\" id=\"spanish\" data-settings=\"{&quot;background_background&quot;:&quot;classic&quot;}\">\n\t\t<div class=\"elementor-element elementor-element-bbeff4d e-con-full e-flex elementor-invisible e-con e-child\" data-id=\"bbeff4d\" data-element_type=\"container\" data-e-type=\"container\" data-settings=\"{&quot;background_background&quot;:&quot;classic&quot;,&quot;animation&quot;:&quot;fadeInLeft&quot;}\">\n\t\t<div class=\"elementor-element elementor-element-04c2588 e-con-full e-flex e-con e-child\" data-id=\"04c2588\" data-element_type=\"container\" data-e-type=\"container\">\n\t\t\t\t<div class=\"elementor-element elementor-element-8f00186 elementor-widget elementor-widget-heading\" data-id=\"8f00186\" data-element_type=\"widget\" data-e-type=\"widget\" data-widget_type=\"heading.default\">\n\t\t\t\t<div class=\"elementor-widget-container\">\n\t\t\t\t\t<h2 class=\"elementor-heading-title elementor-size-default\">Spanish for Foreigners<\/h2>\t\t\t\t<\/div>\n\t\t\t\t<\/div>\n\t\t<div class=\"elementor-element elementor-element-c26247b e-con-full e-flex e-con e-child\" data-id=\"c26247b\" data-element_type=\"container\" data-e-type=\"container\" data-settings=\"{&quot;background_background&quot;:&quot;gradient&quot;}\">\n\t\t\t\t<div class=\"elementor-element elementor-element-1b3b407 elementor-widget elementor-widget-heading\" data-id=\"1b3b407\" data-element_type=\"widget\" data-e-type=\"widget\" data-widget_type=\"heading.default\">\n\t\t\t\t<div class=\"elementor-widget-container\">\n\t\t\t\t\t<h6 class=\"elementor-heading-title elementor-size-default\"><a href=\"https:\/\/see.monetae.com.co\/idiomas\/#ingles\">\ud83c\udf89 New Program<\/a><\/h6>\t\t\t\t<\/div>\n\t\t\t\t<\/div>\n\t\t\t\t<\/div>\n\t\t\t\t<div class=\"elementor-element elementor-element-228c095 elementor-widget elementor-widget-text-editor\" data-id=\"228c095\" data-element_type=\"widget\" data-e-type=\"widget\" data-widget_type=\"text-editor.default\">\n\t\t\t\t<div class=\"elementor-widget-container\">\n\t\t\t\t\t\t\t\t\t<p>Discover HELP and learn languages while experiencing something unique and unforgettable. Immerse yourself in an environment where you can laugh, feel, and learn naturally and enjoyably. At HELP, you will not only improve your language skills but also receive personalized coaching to help you achieve your goals.<\/p>\t\t\t\t\t\t\t\t<\/div>\n\t\t\t\t<\/div>\n\t\t\t\t<div class=\"elementor-element elementor-element-a1109e1 elementor-align-center elementor-widget elementor-widget-button\" data-id=\"a1109e1\" data-element_type=\"widget\" data-e-type=\"widget\" data-widget_type=\"button.default\">\n\t\t\t\t<div class=\"elementor-widget-container\">\n\t\t\t\t\t\t\t\t\t<div class=\"elementor-button-wrapper\">\n\t\t\t\t\t<a class=\"elementor-button elementor-button-link elementor-size-sm\" href=\"#cta\">\n\t\t\t\t\t\t<span class=\"elementor-button-content-wrapper\">\n\t\t\t\t\t\t\t\t\t<span class=\"elementor-button-text\">Ready for this experience?<\/span>\n\t\t\t\t\t<\/span>\n\t\t\t\t\t<\/a>\n\t\t\t\t<\/div>\n\t\t\t\t\t\t\t\t<\/div>\n\t\t\t\t<\/div>\n\t\t\t\t<\/div>\n\t\t\t\t<\/div>\n\t\t<div class=\"elementor-element elementor-element-4c6d7b9 e-con-full elementor-hidden-mobile e-flex e-con e-child\" data-id=\"4c6d7b9\" data-element_type=\"container\" data-e-type=\"container\">\n\t\t\t\t<\/div>\n\t\t<div class=\"elementor-element elementor-element-735b92e e-con-full e-flex elementor-invisible e-con e-child\" data-id=\"735b92e\" data-element_type=\"container\" data-e-type=\"container\" data-settings=\"{&quot;background_background&quot;:&quot;classic&quot;,&quot;animation&quot;:&quot;fadeInLeft&quot;}\">\n\t\t\t\t<div class=\"elementor-element elementor-element-27fcd93 elementor-widget__width-initial elementor-widget elementor-widget-text-editor\" data-id=\"27fcd93\" data-element_type=\"widget\" data-e-type=\"widget\" data-widget_type=\"text-editor.default\">\n\t\t\t\t<div class=\"elementor-widget-container\">\n\t\t\t\t\t\t\t\t\t<p><strong>Our Spanish program offers a learning experience that is both effective and enjoyable.<\/strong><\/p><ul><li><strong>Cultural immersion:<\/strong>\u00a0Master the language of vibrant cultures and connect with the rich heritage of Spanish-speaking countries.\u00a0<\/li><li><strong>Unique environment:<\/strong>\u00a0Immerse yourself in a setting where learning Spanish feels natural and fun.\u00a0<\/li><li><strong>Linguistic improvement:<\/strong>\u00a0Significantly enhance your Spanish language skills.\u00a0<\/li><li><strong>Personalized coaching:<\/strong>\u00a0Receive individualized support to achieve your goals.\u00a0<\/li><li><strong>Unforgettable experience:<\/strong>\u00a0Create memorable moments while learning Spanish.\u00a0<\/li><li><strong>Guaranteed fun:<\/strong>\u00a0Laugh and enjoy yourself while acquiring new knowledge.<\/li><\/ul>\t\t\t\t\t\t\t\t<\/div>\n\t\t\t\t<\/div>\n\t\t\t\t<\/div>\n\t\t\t\t<\/div>\n\t\t<div class=\"elementor-element elementor-element-0733302 e-flex e-con-boxed elementor-invisible e-con e-parent\" data-id=\"0733302\" data-element_type=\"container\" data-e-type=\"container\" id=\"cta\" data-settings=\"{&quot;background_background&quot;:&quot;gradient&quot;,&quot;animation&quot;:&quot;fadeInUp&quot;}\">\n\t\t\t\t\t<div class=\"e-con-inner\">\n\t\t\t\t<div class=\"elementor-element elementor-element-38d7291 elementor-widget elementor-widget-heading\" data-id=\"38d7291\" data-element_type=\"widget\" data-e-type=\"widget\" data-widget_type=\"heading.default\">\n\t\t\t\t<div class=\"elementor-widget-container\">\n\t\t\t\t\t<h2 class=\"elementor-heading-title elementor-size-default\">\u00bfTe decidiste a vivir esta experiencia?<\/h2>\t\t\t\t<\/div>\n\t\t\t\t<\/div>\n\t\t\t\t<div class=\"elementor-element elementor-element-8239397 elementor-widget elementor-widget-text-editor\" data-id=\"8239397\" data-element_type=\"widget\" data-e-type=\"widget\" data-widget_type=\"text-editor.default\">\n\t\t\t\t<div class=\"elementor-widget-container\">\n\t\t\t\t\t\t\t\t\t<p>Sea cual sea el programa que tomes con nosotros, tu satisfacci\u00f3n est\u00e1 asegurada. Todos nuestros programas se basan en nuestra metodolog\u00eda HELP\u00ae que llevamos m\u00e1s de 20 a\u00f1os creando y perfeccionando para que cada d\u00eda m\u00e1s estudiantes, como t\u00fa, logren dominar otro idioma.<\/p>\t\t\t\t\t\t\t\t<\/div>\n\t\t\t\t<\/div>\n\t\t\t\t<div class=\"elementor-element elementor-element-d1a9c6d elementor-widget elementor-widget-button\" data-id=\"d1a9c6d\" data-element_type=\"widget\" data-e-type=\"widget\" data-widget_type=\"button.default\">\n\t\t\t\t<div class=\"elementor-widget-container\">\n\t\t\t\t\t\t\t\t\t<div class=\"elementor-button-wrapper\">\n\t\t\t\t\t<a class=\"elementor-button elementor-button-link elementor-size-sm\" href=\"https:\/\/see.monetae.com.co\/inscribete\/\">\n\t\t\t\t\t\t<span class=\"elementor-button-content-wrapper\">\n\t\t\t\t\t\t\t\t\t<span class=\"elementor-button-text\">Te contactamos<\/span>\n\t\t\t\t\t<\/span>\n\t\t\t\t\t<\/a>\n\t\t\t\t<\/div>\n\t\t\t\t\t\t\t\t<\/div>\n\t\t\t\t<\/div>\n\t\t\t\t\t<\/div>\n\t\t\t\t<\/div>\n\t\t\t\t<\/div>\n\t\t","protected":false},"excerpt":{"rendered":"<p>\u00bfBiling\u00fce o triling\u00fce? \u00a1Con HELP podr\u00e1s ser un pol\u00edglota! Domina el ingl\u00e9s, aprende franc\u00e9s e int\u00e9grate a nuevas culturas globales, mientras experimentas la nueva manera de sumergirte en un idioma. Conoce nuestros idiomas Ingl\u00e9s Conoce HELP y aprende idiomas mientras vives una experiencia \u00fanica e inolvidable. Sum\u00e9rgete en un ambiente donde podr\u00e1s re\u00edrte, sentir y [&hellip;]<\/p>\n","protected":false},"author":1,"featured_media":0,"parent":0,"menu_order":0,"comment_status":"closed","ping_status":"closed","template":"elementor_header_footer","meta":{"footnotes":""},"class_list":["post-157","page","type-page","status-publish","hentry"],"_links":{"self":[{"href":"https:\/\/see.monetae.com.co\/help\/wp-json\/wp\/v2\/pages\/157","targetHints":{"allow":["GET"]}}],"collection":[{"href":"https:\/\/see.monetae.com.co\/help\/wp-json\/wp\/v2\/pages"}],"about":[{"href":"https:\/\/see.monetae.com.co\/help\/wp-json\/wp\/v2\/types\/page"}],"author":[{"embeddable":true,"href":"https:\/\/see.monetae.com.co\/help\/wp-json\/wp\/v2\/users\/1"}],"replies":[{"embeddable":true,"href":"https:\/\/see.monetae.com.co\/help\/wp-json\/wp\/v2\/comments?post=157"}],"version-history":[{"count":39,"href":"https:\/\/see.monetae.com.co\/help\/wp-json\/wp\/v2\/pages\/157\/revisions"}],"predecessor-version":[{"id":232,"href":"https:\/\/see.monetae.com.co\/help\/wp-json\/wp\/v2\/pages\/157\/revisions\/232"}],"wp:attachment":[{"href":"https:\/\/see.monetae.com.co\/help\/wp-json\/wp\/v2\/media?parent=157"}],"curies":[{"name":"wp","href":"https:\/\/api.w.org\/{rel}","templated":true}]}}