{"id":207,"date":"2024-11-02T00:49:10","date_gmt":"2024-11-02T00:49:10","guid":{"rendered":"https:\/\/see.monetae.com.co\/?page_id=207"},"modified":"2024-11-10T16:53:55","modified_gmt":"2024-11-10T16:53:55","slug":"inscribete","status":"publish","type":"page","link":"https:\/\/see.monetae.com.co\/help\/inscribete\/","title":{"rendered":"Inscr\u00edbete"},"content":{"rendered":"\t\t<div data-elementor-type=\"wp-page\" data-elementor-id=\"207\" class=\"elementor elementor-207\" data-elementor-post-type=\"page\">\n\t\t\t\t<div class=\"elementor-element elementor-element-cf90c8f e-flex e-con-boxed e-con e-parent\" data-id=\"cf90c8f\" data-element_type=\"container\" data-e-type=\"container\" data-settings=\"{&quot;background_background&quot;:&quot;classic&quot;}\">\n\t\t\t\t\t<div class=\"e-con-inner\">\n\t\t<div class=\"elementor-element elementor-element-c871697 e-con-full e-flex e-con e-child\" data-id=\"c871697\" data-element_type=\"container\" data-e-type=\"container\">\n\t\t\t\t<div class=\"elementor-element elementor-element-fbec3a3 elementor-widget elementor-widget-heading\" data-id=\"fbec3a3\" data-element_type=\"widget\" data-e-type=\"widget\" data-widget_type=\"heading.default\">\n\t\t\t\t<div class=\"elementor-widget-container\">\n\t\t\t\t\t<h2 class=\"elementor-heading-title elementor-size-default\">Has dado el paso correcto.<\/h2>\t\t\t\t<\/div>\n\t\t\t\t<\/div>\n\t\t\t\t<div class=\"elementor-element elementor-element-5845cd3 elementor-widget elementor-widget-text-editor\" data-id=\"5845cd3\" data-element_type=\"widget\" data-e-type=\"widget\" data-widget_type=\"text-editor.default\">\n\t\t\t\t<div class=\"elementor-widget-container\">\n\t\t\t\t\t\t\t\t\t<p>Nuestros programas, dise\u00f1ados con la metodolog\u00eda Help\u00ae en mente, te permitir\u00e1n dominar un idioma, a la vez que creas recuerdos para toda la vida y aprendes de la cultura y tradiciones de diferentes pa\u00edses.<\/p>\t\t\t\t\t\t\t\t<\/div>\n\t\t\t\t<\/div>\n\t\t\t\t<\/div>\n\t\t<div class=\"elementor-element elementor-element-e56c03c e-con-full e-flex e-con e-child\" data-id=\"e56c03c\" data-element_type=\"container\" data-e-type=\"container\">\n\t\t\t\t<div class=\"elementor-element elementor-element-f873c62 elementor-hidden-desktop elementor-hidden-tablet elementor-hidden-mobile elementor-widget elementor-widget-spacer\" data-id=\"f873c62\" data-element_type=\"widget\" data-e-type=\"widget\" data-widget_type=\"spacer.default\">\n\t\t\t\t<div class=\"elementor-widget-container\">\n\t\t\t\t\t\t\t<div class=\"elementor-spacer\">\n\t\t\t<div class=\"elementor-spacer-inner\"><\/div>\n\t\t<\/div>\n\t\t\t\t\t\t<\/div>\n\t\t\t\t<\/div>\n\t\t\t\t<\/div>\n\t\t\t\t\t<\/div>\n\t\t\t\t<\/div>\n\t\t<div class=\"elementor-element elementor-element-3c10c49 e-flex e-con-boxed e-con e-parent\" data-id=\"3c10c49\" data-element_type=\"container\" data-e-type=\"container\">\n\t\t\t\t\t<div class=\"e-con-inner\">\n\t\t<div class=\"elementor-element elementor-element-a86d539 e-con-full e-flex e-con e-child\" data-id=\"a86d539\" data-element_type=\"container\" data-e-type=\"container\">\n\t\t\t\t<div class=\"elementor-element elementor-element-a992bdc elementor-widget elementor-widget-html\" data-id=\"a992bdc\" data-element_type=\"widget\" data-e-type=\"widget\" data-widget_type=\"html.default\">\n\t\t\t\t<div class=\"elementor-widget-container\">\n\t\t\t\t\t<html lang='en_us'><head><meta http-equiv=\"Content-Type\" content=\"text\/html; charset=UTF-8\"><\/head><body><style type=\"text\/css\"><!--\nform#WebToLeadForm, form#WebToLeadForm * {margin: 0; padding: 0; border: none; color: #333; font-size: 12px; line-height: 1.6em; font-family: 'Montserrat', Helvetica, Arial, sans-serif;}\nform#WebToLeadForm {float: left; border: 1px solid #ccc; margin: 10px;}\nform#WebToLeadForm h1 {font-size: 32px; font-weight: bold; background-color: rgb(60, 141, 188); color: rgb(247, 247, 247); padding: 10px 20px;}\nform#WebToLeadForm h2 {font-size: 24px; font-weight: bold; background-color: rgb(60, 141, 188); color: rgb(247, 247, 247); padding: 10px 20px;}\nform#WebToLeadForm h3 {font-size: 12px; font-weight: bold; padding: 10px 20px;}\nform#WebToLeadForm h4 {font-size: 10px; font-weight: bold; padding: 10px 20px;}\nform#WebToLeadForm h5 {font-size: 8px; font-weight: bold; padding: 10px 20px;}\nform#WebToLeadForm h6 {font-size: 6px; font-weight: bold; padding: 10px 20px;}\nform#WebToLeadForm p {padding: 10px 20px;}\nform#WebToLeadForm input,\nform#WebToLeadForm select,\nform#WebToLeadForm textarea {border: 1px solid #ccc; display: block; float: left; min-width: 170px; padding: 5px;}\nform#WebToLeadForm select {background-color: white;}\nform#WebToLeadForm input[type=\"button\"],\nform#WebToLeadForm input[type=\"submit\"] {display: inline; float: none; padding: 5px 10px; width: auto; min-width: auto;}\nform#WebToLeadForm input[type=\"checkbox\"],\nform#WebToLeadForm input[type=\"radio\"] {width: 18px; min-width: auto;}\nform#WebToLeadForm div.col {display: block; float: left; width: 330px; padding: 10px 20px;}\nform#WebToLeadForm div.clear {display: block; float: none; clear: both; height: 0px; overflow: hidden;}\nform#WebToLeadForm div.center {text-align: center;}\nform#WebToLeadForm div.buttons {padding: 10px 0; border-top: 1px solid #ccc; background-color: #f7f7f7}\nform#WebToLeadForm label {display: block; float: left; width: 160px; font-weight: bold;}\nform#WebToLeadForm span.required {color: #FF0000;}\n--><\/style>\n<!-- TODO ???\n\n--><form id=\"WebToLeadForm\" action=\"https:\/\/suite.helpexperience.com\/public\/index.php?entryPoint=WebToPersonCapture\" method=\"POST\" name=\"WebToLeadForm\">\n<h2>M\u00e1s informaci\u00f3n de Help<\/h2>\n<div class=\"row\">\n<div class=\"col\"><label>Nombre: <span style=\"color: #808000;\">*<\/span><\/label><input name=\"first_name\" id=\"first_name\" type=\"text\" \/><\/div>\n<div class=\"col\"> <\/div>\n<div class=\"clear\"> <\/div>\n<\/div>\n<div class=\"row\">\n<div class=\"col\"><label>Apellido: <span class=\"required\">*<\/span><\/label><input name=\"last_name\" id=\"last_name\" type=\"text\" required=\"\" \/><\/div>\n<div class=\"col\"> <\/div>\n<div class=\"clear\"> <\/div>\n<\/div>\n<div class=\"row\">\n<div class=\"col\"><label>Tel\u00e9fono: <span style=\"color: #808000;\">*<\/span><\/label><input name=\"phone_mobile\" id=\"phone_mobile\" type=\"text\" \/><\/div>\n<div class=\"col\"> <\/div>\n<div class=\"clear\"> <\/div>\n<\/div>\n<div class=\"row\">\n<div class=\"col\"><label>Email : <span style=\"color: #808000;\">*<\/span><\/label><input name=\"email1\" id=\"email1\" type=\"email\" \/><\/div>\n<div class=\"col\"> <\/div>\n<div class=\"clear\"> <\/div>\n<\/div>\n<div class=\"row\">\n<div class=\"col\"><label>Ciudad: <\/label><input name=\"primary_address_city\" id=\"primary_address_city\" type=\"text\" \/><\/div>\n<div class=\"col\"> <\/div>\n<div class=\"clear\"> <\/div>\n<\/div>\n<div class=\"row\">\n<div class=\"col\"><label>Pa\u00eds: <\/label><input name=\"primary_address_country\" id=\"primary_address_country\" type=\"text\" \/><\/div>\n<div class=\"col\"> <\/div>\n<div class=\"clear\"> <\/div>\n<\/div>\n<div class=\"row\">\n<div class=\"col\"><label>\u00bfC\u00f3mo te podemos ayudar?: <span style=\"color: #808000;\">*<\/span><\/label><span class=\"sugarslot\"><textarea name=\"description\" id=\"description\"   \/> <\/textarea><\/span><\/div>\n<div class=\"col\"> <\/div>\n<div class=\"clear\"> <\/div>\n<\/div>\n<div class=\"row center buttons\"><input class=\"button\" name=\"Submit\" type=\"submit\" value=\"Solicitar informaci\u00f3n\"  \/>\n<div class=\"clear\"> <\/div>\n<\/div>\n<input name=\"campaign_id\" id=\"campaign_id\" type=\"hidden\" value=\"92e381f6-e4f7-685d-1303-6730e31ff315\" \/> <input name=\"redirect_url\" id=\"redirect_url\" type=\"hidden\" value=\"https:\/\/www.helpexperience.com\/inscribete\/pronto-te-contactaremos\/\" \/> <input name=\"assigned_user_id\" id=\"assigned_user_id\" type=\"hidden\" value=\"1\" \/> <input name=\"moduleDir\" id=\"moduleDir\" type=\"hidden\" value=\"Contacts\" \/><\/form>\n<p>\n\/\/ <![CDATA[\n    function submit_form() {\n        if (typeof(validateCaptchaAndSubmit) != 'undefined') {\n            validateCaptchaAndSubmit();\n        } else {\n            check_webtolead_fields();\n            \/\/document.WebToLeadForm.submit();\n        }\n    }\n\n    function check_webtolead_fields() {\n        if (document.getElementById('bool_id') != null) {\n            var reqs = document.getElementById('bool_id').value;\n            bools = reqs.substring(0, reqs.lastIndexOf(';'));\n            var bool_fields = new Array();\n            var bool_fields = bools.split(';');\n            nbr_fields = bool_fields.length;\n            for (var i = 0; i < nbr_fields; i++) {\n                if (document.getElementById(bool_fields[i]).value == 'on') {\n                    document.getElementById(bool_fields[i]).value = 1;\n                } else {\n                    document.getElementById(bool_fields[i]).value = 0;\n                }\n            }\n        }\n    }\n\/\/ ]]>\n<\/p><\/body><\/html>\t\t\t\t<\/div>\n\t\t\t\t<\/div>\n\t\t\t\t<\/div>\n\t\t<div class=\"elementor-element elementor-element-1558f90 e-con-full e-flex e-con e-child\" data-id=\"1558f90\" data-element_type=\"container\" data-e-type=\"container\">\n\t\t\t\t<div class=\"elementor-element elementor-element-c6cd00b elementor-widget elementor-widget-heading\" data-id=\"c6cd00b\" data-element_type=\"widget\" data-e-type=\"widget\" data-widget_type=\"heading.default\">\n\t\t\t\t<div class=\"elementor-widget-container\">\n\t\t\t\t\t<h4 class=\"elementor-heading-title elementor-size-default\">\u00bfCu\u00e1l es el mejor programa para mi?<\/h4>\t\t\t\t<\/div>\n\t\t\t\t<\/div>\n\t\t\t\t<div class=\"elementor-element elementor-element-c067a7d e-n-tabs-mobile elementor-widget elementor-widget-n-tabs\" data-id=\"c067a7d\" data-element_type=\"widget\" data-e-type=\"widget\" data-settings=\"{&quot;horizontal_scroll&quot;:&quot;disable&quot;}\" data-widget_type=\"nested-tabs.default\">\n\t\t\t\t<div class=\"elementor-widget-container\">\n\t\t\t\t\t\t\t<div class=\"e-n-tabs\" data-widget-number=\"201751165\" aria-label=\"Tabs. Open items with Enter or Space, close with Escape and navigate using the Arrow keys.\">\n\t\t\t<div class=\"e-n-tabs-heading\" role=\"tablist\">\n\t\t\t\t\t<button id=\"e-n-tab-title-2017511651\" data-tab-title-id=\"e-n-tab-title-2017511651\" class=\"e-n-tab-title\" aria-selected=\"true\" data-tab-index=\"1\" role=\"tab\" tabindex=\"0\" aria-controls=\"e-n-tab-content-2017511651\" style=\"--n-tabs-title-order: 1;\">\n\t\t\t\t\t<span class=\"e-n-tab-icon\">\n\t\t\t<svg aria-hidden=\"true\" class=\"e-font-icon-svg e-fas-star\" viewBox=\"0 0 576 512\" xmlns=\"http:\/\/www.w3.org\/2000\/svg\"><path d=\"M259.3 17.8L194 150.2 47.9 171.5c-26.2 3.8-36.7 36.1-17.7 54.6l105.7 103-25 145.5c-4.5 26.3 23.2 46 46.4 33.7L288 439.6l130.7 68.7c23.2 12.2 50.9-7.4 46.4-33.7l-25-145.5 105.7-103c19-18.5 8.5-50.8-17.7-54.6L382 150.2 316.7 17.8c-11.7-23.6-45.6-23.9-57.4 0z\"><\/path><\/svg>\t\t\t<svg aria-hidden=\"true\" class=\"e-font-icon-svg e-fas-star\" viewBox=\"0 0 576 512\" xmlns=\"http:\/\/www.w3.org\/2000\/svg\"><path d=\"M259.3 17.8L194 150.2 47.9 171.5c-26.2 3.8-36.7 36.1-17.7 54.6l105.7 103-25 145.5c-4.5 26.3 23.2 46 46.4 33.7L288 439.6l130.7 68.7c23.2 12.2 50.9-7.4 46.4-33.7l-25-145.5 105.7-103c19-18.5 8.5-50.8-17.7-54.6L382 150.2 316.7 17.8c-11.7-23.6-45.6-23.9-57.4 0z\"><\/path><\/svg>\t\t<\/span>\n\t\t\t\t\t<span class=\"e-n-tab-title-text\">\n\t\t\t\tCl\u00e1sico\t\t\t<\/span>\n\t\t<\/button>\n\t\t\t\t<button id=\"e-n-tab-title-2017511652\" data-tab-title-id=\"e-n-tab-title-2017511652\" class=\"e-n-tab-title\" aria-selected=\"false\" data-tab-index=\"2\" role=\"tab\" tabindex=\"-1\" aria-controls=\"e-n-tab-content-2017511652\" style=\"--n-tabs-title-order: 2;\">\n\t\t\t\t\t<span class=\"e-n-tab-icon\">\n\t\t\t<svg aria-hidden=\"true\" class=\"e-font-icon-svg e-fas-book-open\" viewBox=\"0 0 576 512\" xmlns=\"http:\/\/www.w3.org\/2000\/svg\"><path d=\"M542.22 32.05c-54.8 3.11-163.72 14.43-230.96 55.59-4.64 2.84-7.27 7.89-7.27 13.17v363.87c0 11.55 12.63 18.85 23.28 13.49 69.18-34.82 169.23-44.32 218.7-46.92 16.89-.89 30.02-14.43 30.02-30.66V62.75c.01-17.71-15.35-31.74-33.77-30.7zM264.73 87.64C197.5 46.48 88.58 35.17 33.78 32.05 15.36 31.01 0 45.04 0 62.75V400.6c0 16.24 13.13 29.78 30.02 30.66 49.49 2.6 149.59 12.11 218.77 46.95 10.62 5.35 23.21-1.94 23.21-13.46V100.63c0-5.29-2.62-10.14-7.27-12.99z\"><\/path><\/svg>\t\t\t<svg aria-hidden=\"true\" class=\"e-font-icon-svg e-fas-book-open\" viewBox=\"0 0 576 512\" xmlns=\"http:\/\/www.w3.org\/2000\/svg\"><path d=\"M542.22 32.05c-54.8 3.11-163.72 14.43-230.96 55.59-4.64 2.84-7.27 7.89-7.27 13.17v363.87c0 11.55 12.63 18.85 23.28 13.49 69.18-34.82 169.23-44.32 218.7-46.92 16.89-.89 30.02-14.43 30.02-30.66V62.75c.01-17.71-15.35-31.74-33.77-30.7zM264.73 87.64C197.5 46.48 88.58 35.17 33.78 32.05 15.36 31.01 0 45.04 0 62.75V400.6c0 16.24 13.13 29.78 30.02 30.66 49.49 2.6 149.59 12.11 218.77 46.95 10.62 5.35 23.21-1.94 23.21-13.46V100.63c0-5.29-2.62-10.14-7.27-12.99z\"><\/path><\/svg>\t\t<\/span>\n\t\t\t\t\t<span class=\"e-n-tab-title-text\">\n\t\t\t\tIntensivo\t\t\t<\/span>\n\t\t<\/button>\n\t\t\t\t<button id=\"e-n-tab-title-2017511653\" data-tab-title-id=\"e-n-tab-title-2017511653\" class=\"e-n-tab-title\" aria-selected=\"false\" data-tab-index=\"3\" role=\"tab\" tabindex=\"-1\" aria-controls=\"e-n-tab-content-2017511653\" style=\"--n-tabs-title-order: 3;\">\n\t\t\t\t\t<span class=\"e-n-tab-icon\">\n\t\t\t<svg aria-hidden=\"true\" class=\"e-font-icon-svg e-fas-users\" viewBox=\"0 0 640 512\" xmlns=\"http:\/\/www.w3.org\/2000\/svg\"><path d=\"M96 224c35.3 0 64-28.7 64-64s-28.7-64-64-64-64 28.7-64 64 28.7 64 64 64zm448 0c35.3 0 64-28.7 64-64s-28.7-64-64-64-64 28.7-64 64 28.7 64 64 64zm32 32h-64c-17.6 0-33.5 7.1-45.1 18.6 40.3 22.1 68.9 62 75.1 109.4h66c17.7 0 32-14.3 32-32v-32c0-35.3-28.7-64-64-64zm-256 0c61.9 0 112-50.1 112-112S381.9 32 320 32 208 82.1 208 144s50.1 112 112 112zm76.8 32h-8.3c-20.8 10-43.9 16-68.5 16s-47.6-6-68.5-16h-8.3C179.6 288 128 339.6 128 403.2V432c0 26.5 21.5 48 48 48h288c26.5 0 48-21.5 48-48v-28.8c0-63.6-51.6-115.2-115.2-115.2zm-223.7-13.4C161.5 263.1 145.6 256 128 256H64c-35.3 0-64 28.7-64 64v32c0 17.7 14.3 32 32 32h65.9c6.3-47.4 34.9-87.3 75.2-109.4z\"><\/path><\/svg>\t\t\t<svg aria-hidden=\"true\" class=\"e-font-icon-svg e-fas-users\" viewBox=\"0 0 640 512\" xmlns=\"http:\/\/www.w3.org\/2000\/svg\"><path d=\"M96 224c35.3 0 64-28.7 64-64s-28.7-64-64-64-64 28.7-64 64 28.7 64 64 64zm448 0c35.3 0 64-28.7 64-64s-28.7-64-64-64-64 28.7-64 64 28.7 64 64 64zm32 32h-64c-17.6 0-33.5 7.1-45.1 18.6 40.3 22.1 68.9 62 75.1 109.4h66c17.7 0 32-14.3 32-32v-32c0-35.3-28.7-64-64-64zm-256 0c61.9 0 112-50.1 112-112S381.9 32 320 32 208 82.1 208 144s50.1 112 112 112zm76.8 32h-8.3c-20.8 10-43.9 16-68.5 16s-47.6-6-68.5-16h-8.3C179.6 288 128 339.6 128 403.2V432c0 26.5 21.5 48 48 48h288c26.5 0 48-21.5 48-48v-28.8c0-63.6-51.6-115.2-115.2-115.2zm-223.7-13.4C161.5 263.1 145.6 256 128 256H64c-35.3 0-64 28.7-64 64v32c0 17.7 14.3 32 32 32h65.9c6.3-47.4 34.9-87.3 75.2-109.4z\"><\/path><\/svg>\t\t<\/span>\n\t\t\t\t\t<span class=\"e-n-tab-title-text\">\n\t\t\t\tGrupal\t\t\t<\/span>\n\t\t<\/button>\n\t\t\t\t<button id=\"e-n-tab-title-2017511654\" data-tab-title-id=\"e-n-tab-title-2017511654\" class=\"e-n-tab-title\" aria-selected=\"false\" data-tab-index=\"4\" role=\"tab\" tabindex=\"-1\" aria-controls=\"e-n-tab-content-2017511654\" style=\"--n-tabs-title-order: 4;\">\n\t\t\t\t\t<span class=\"e-n-tab-icon\">\n\t\t\t<svg aria-hidden=\"true\" class=\"e-font-icon-svg e-fas-pen\" viewBox=\"0 0 512 512\" xmlns=\"http:\/\/www.w3.org\/2000\/svg\"><path d=\"M290.74 93.24l128.02 128.02-277.99 277.99-114.14 12.6C11.35 513.54-1.56 500.62.14 485.34l12.7-114.22 277.9-277.88zm207.2-19.06l-60.11-60.11c-18.75-18.75-49.16-18.75-67.91 0l-56.55 56.55 128.02 128.02 56.55-56.55c18.75-18.76 18.75-49.16 0-67.91z\"><\/path><\/svg>\t\t\t<svg aria-hidden=\"true\" class=\"e-font-icon-svg e-fas-pen\" viewBox=\"0 0 512 512\" xmlns=\"http:\/\/www.w3.org\/2000\/svg\"><path d=\"M290.74 93.24l128.02 128.02-277.99 277.99-114.14 12.6C11.35 513.54-1.56 500.62.14 485.34l12.7-114.22 277.9-277.88zm207.2-19.06l-60.11-60.11c-18.75-18.75-49.16-18.75-67.91 0l-56.55 56.55 128.02 128.02 56.55-56.55c18.75-18.76 18.75-49.16 0-67.91z\"><\/path><\/svg>\t\t<\/span>\n\t\t\t\t\t<span class=\"e-n-tab-title-text\">\n\t\t\t\tEx\u00e1menes\t\t\t<\/span>\n\t\t<\/button>\n\t\t\t\t\t<\/div>\n\t\t\t<div class=\"e-n-tabs-content\">\n\t\t\t\t<div id=\"e-n-tab-content-2017511651\" role=\"tabpanel\" aria-labelledby=\"e-n-tab-title-2017511651\" data-tab-index=\"1\" style=\"--n-tabs-title-order: 1;\" class=\"e-active elementor-element elementor-element-5c3caa5 e-con-full e-flex e-con e-child\" data-id=\"5c3caa5\" data-element_type=\"container\" data-e-type=\"container\">\n\t\t\t\t<div class=\"elementor-element elementor-element-8071c1a elementor-widget elementor-widget-text-editor\" data-id=\"8071c1a\" data-element_type=\"widget\" data-e-type=\"widget\" data-widget_type=\"text-editor.default\">\n\t\t\t\t<div class=\"elementor-widget-container\">\n\t\t\t\t\t\t\t\t\t<p>Conoce HELP y aprende idiomas mientras vives una experiencia \u00fanica e inolvidable. Sum\u00e9rgete en un ambiente donde podr\u00e1s re\u00edrte, sentir y aprender de manera natural y divertida. En HELP, no solo mejorar\u00e1s tus habilidades ling\u00fc\u00edsticas, sino que tambi\u00e9n recibir\u00e1s un coaching personalizado que te ayudar\u00e1 a alcanzar tus metas.<\/p>\t\t\t\t\t\t\t\t<\/div>\n\t\t\t\t<\/div>\n\t\t\t\t<\/div>\n\t\t<div id=\"e-n-tab-content-2017511652\" role=\"tabpanel\" aria-labelledby=\"e-n-tab-title-2017511652\" data-tab-index=\"2\" style=\"--n-tabs-title-order: 2;\" class=\" elementor-element elementor-element-a69c5a7 e-con-full e-flex e-con e-child\" data-id=\"a69c5a7\" data-element_type=\"container\" data-e-type=\"container\">\n\t\t\t\t<div class=\"elementor-element elementor-element-f41356e elementor-widget elementor-widget-text-editor\" data-id=\"f41356e\" data-element_type=\"widget\" data-e-type=\"widget\" data-widget_type=\"text-editor.default\">\n\t\t\t\t<div class=\"elementor-widget-container\">\n\t\t\t\t\t\t\t\t\t<p>Para aquellas personas que tienen una meta a corto plazo o prefieren avanzar un poco m\u00e1s r\u00e1pido, pero sin perder la experiencia de aprendizaje HELP, existe una variedad de m\u00e9todos y estrategias que pueden ser de gran ayuda.<\/p>\t\t\t\t\t\t\t\t<\/div>\n\t\t\t\t<\/div>\n\t\t\t\t<\/div>\n\t\t<div id=\"e-n-tab-content-2017511653\" role=\"tabpanel\" aria-labelledby=\"e-n-tab-title-2017511653\" data-tab-index=\"3\" style=\"--n-tabs-title-order: 3;\" class=\" elementor-element elementor-element-77b6131 e-con-full e-flex e-con e-child\" data-id=\"77b6131\" data-element_type=\"container\" data-e-type=\"container\">\n\t\t\t\t<div class=\"elementor-element elementor-element-7ad0454 elementor-widget elementor-widget-text-editor\" data-id=\"7ad0454\" data-element_type=\"widget\" data-e-type=\"widget\" data-widget_type=\"text-editor.default\">\n\t\t\t\t<div class=\"elementor-widget-container\">\n\t\t\t\t\t\t\t\t\t<p>Aprende idiomas mientras vives una experiencia \u00fanica e inolvidable junto a tu grupo. Sum\u00e9rgete en el ambiente HELP, donde todos podr\u00e1n re\u00edrse, sentir y aprender de manera natural y divertida.<\/p>\t\t\t\t\t\t\t\t<\/div>\n\t\t\t\t<\/div>\n\t\t\t\t<\/div>\n\t\t<div id=\"e-n-tab-content-2017511654\" role=\"tabpanel\" aria-labelledby=\"e-n-tab-title-2017511654\" data-tab-index=\"4\" style=\"--n-tabs-title-order: 4;\" class=\" elementor-element elementor-element-f82faf7 e-flex e-con-boxed e-con e-child\" data-id=\"f82faf7\" data-element_type=\"container\" data-e-type=\"container\">\n\t\t\t\t\t<div class=\"e-con-inner\">\n\t\t\t\t<div class=\"elementor-element elementor-element-5d08cac elementor-widget elementor-widget-text-editor\" data-id=\"5d08cac\" data-element_type=\"widget\" data-e-type=\"widget\" data-widget_type=\"text-editor.default\">\n\t\t\t\t<div class=\"elementor-widget-container\">\n\t\t\t\t\t\t\t\t\t<p>Para aquellas personas que tienen una meta a corto plazo o prefieren avanzar un poco m\u00e1s r\u00e1pido en la preparaci\u00f3n de ex\u00e1menes, pero sin perder la experiencia de aprendizaje HELP, existe una variedad de m\u00e9todos y estrategias que pueden ser de gran ayuda. Con HELP, puedes acceder a recursos especializados, t\u00e9cnicas de estudio eficientes y sesiones de coaching personalizadas que te permitir\u00e1n optimizar tu tiempo y esfuerzo.<\/p>\t\t\t\t\t\t\t\t<\/div>\n\t\t\t\t<\/div>\n\t\t\t\t\t<\/div>\n\t\t\t\t<\/div>\n\t\t\t\t\t<\/div>\n\t\t<\/div>\n\t\t\t\t\t\t<\/div>\n\t\t\t\t<\/div>\n\t\t\t\t<\/div>\n\t\t\t\t\t<\/div>\n\t\t\t\t<\/div>\n\t\t\t\t<\/div>\n\t\t","protected":false},"excerpt":{"rendered":"<p>Has dado el paso correcto. Nuestros programas, dise\u00f1ados con la metodolog\u00eda Help\u00ae en mente, te permitir\u00e1n dominar un idioma, a la vez que creas recuerdos para toda la vida y aprendes de la cultura y tradiciones de diferentes pa\u00edses. M\u00e1s informaci\u00f3n de Help Nombre: * Apellido: * Tel\u00e9fono: * Email : * Ciudad: Pa\u00eds: \u00bfC\u00f3mo [&hellip;]<\/p>\n","protected":false},"author":1,"featured_media":0,"parent":0,"menu_order":0,"comment_status":"closed","ping_status":"closed","template":"elementor_header_footer","meta":{"footnotes":""},"class_list":["post-207","page","type-page","status-publish","hentry"],"_links":{"self":[{"href":"https:\/\/see.monetae.com.co\/help\/wp-json\/wp\/v2\/pages\/207","targetHints":{"allow":["GET"]}}],"collection":[{"href":"https:\/\/see.monetae.com.co\/help\/wp-json\/wp\/v2\/pages"}],"about":[{"href":"https:\/\/see.monetae.com.co\/help\/wp-json\/wp\/v2\/types\/page"}],"author":[{"embeddable":true,"href":"https:\/\/see.monetae.com.co\/help\/wp-json\/wp\/v2\/users\/1"}],"replies":[{"embeddable":true,"href":"https:\/\/see.monetae.com.co\/help\/wp-json\/wp\/v2\/comments?post=207"}],"version-history":[{"count":16,"href":"https:\/\/see.monetae.com.co\/help\/wp-json\/wp\/v2\/pages\/207\/revisions"}],"predecessor-version":[{"id":386,"href":"https:\/\/see.monetae.com.co\/help\/wp-json\/wp\/v2\/pages\/207\/revisions\/386"}],"wp:attachment":[{"href":"https:\/\/see.monetae.com.co\/help\/wp-json\/wp\/v2\/media?parent=207"}],"curies":[{"name":"wp","href":"https:\/\/api.w.org\/{rel}","templated":true}]}}