{"id":260,"date":"2024-11-02T05:01:56","date_gmt":"2024-11-02T05:01:56","guid":{"rendered":"https:\/\/see.monetae.com.co\/?page_id=260"},"modified":"2024-11-02T05:13:14","modified_gmt":"2024-11-02T05:13:14","slug":"test","status":"publish","type":"page","link":"https:\/\/see.monetae.com.co\/help\/test\/","title":{"rendered":"HELP Learning Test"},"content":{"rendered":"\t\t<div data-elementor-type=\"wp-page\" data-elementor-id=\"260\" class=\"elementor elementor-260\" data-elementor-post-type=\"page\">\n\t\t\t\t<div class=\"elementor-element elementor-element-e52e208 e-flex e-con-boxed e-con e-parent\" data-id=\"e52e208\" data-element_type=\"container\" data-e-type=\"container\" data-settings=\"{&quot;background_background&quot;:&quot;gradient&quot;}\">\n\t\t\t\t\t<div class=\"e-con-inner\">\n\t\t<div class=\"elementor-element elementor-element-fd9c579 e-con-full e-flex e-con e-child\" data-id=\"fd9c579\" data-element_type=\"container\" data-e-type=\"container\">\n\t\t\t\t<div class=\"elementor-element elementor-element-464bff6 elementor-widget elementor-widget-heading\" data-id=\"464bff6\" data-element_type=\"widget\" data-e-type=\"widget\" data-widget_type=\"heading.default\">\n\t\t\t\t<div class=\"elementor-widget-container\">\n\t\t\t\t\t<h2 class=\"elementor-heading-title elementor-size-default\">Descubre tu tipo de aprendizaje<\/h2>\t\t\t\t<\/div>\n\t\t\t\t<\/div>\n\t\t\t\t<div class=\"elementor-element elementor-element-b4ced83 elementor-widget elementor-widget-text-editor\" data-id=\"b4ced83\" data-element_type=\"widget\" data-e-type=\"widget\" data-widget_type=\"text-editor.default\">\n\t\t\t\t<div class=\"elementor-widget-container\">\n\t\t\t\t\t\t\t\t\t<p>Descubre tu estilo de aprendizaje y mejora tu habilidad para aprender idiomas con nuestro test. Convi\u00e9rtete en un pol\u00edglota y aprende c\u00f3mo dominar m\u00faltiples lenguas de manera efectiva.<\/p>\t\t\t\t\t\t\t\t<\/div>\n\t\t\t\t<\/div>\n\t\t\t\t<div class=\"elementor-element elementor-element-e7575c7 elementor-widget elementor-widget-html\" data-id=\"e7575c7\" data-element_type=\"widget\" data-e-type=\"widget\" data-widget_type=\"html.default\">\n\t\t\t\t<div class=\"elementor-widget-container\">\n\t\t\t\t\t<div data-tf-live=\"01JBNMB133CTGKRE15DJFMWX32\"><\/div><script src=\"\/\/embed.typeform.com\/next\/embed.js\"><\/script>\t\t\t\t<\/div>\n\t\t\t\t<\/div>\n\t\t\t\t<\/div>\n\t\t<div class=\"elementor-element elementor-element-8257e33 e-con-full elementor-hidden-tablet elementor-hidden-mobile e-flex e-con e-child\" data-id=\"8257e33\" data-element_type=\"container\" data-e-type=\"container\">\n\t\t\t\t<\/div>\n\t\t\t\t\t<\/div>\n\t\t\t\t<\/div>\n\t\t<div class=\"elementor-element elementor-element-12212c1 e-flex e-con-boxed e-con e-parent\" data-id=\"12212c1\" data-element_type=\"container\" data-e-type=\"container\">\n\t\t\t\t\t<div class=\"e-con-inner\">\n\t\t<div class=\"elementor-element elementor-element-724c641 e-con-full e-flex e-con e-child\" data-id=\"724c641\" data-element_type=\"container\" data-e-type=\"container\">\n\t\t\t\t<div class=\"elementor-element elementor-element-cac8555 elementor-widget elementor-widget-text-editor\" data-id=\"cac8555\" data-element_type=\"widget\" data-e-type=\"widget\" data-widget_type=\"text-editor.default\">\n\t\t\t\t<div class=\"elementor-widget-container\">\n\t\t\t\t\t\t\t\t\t<p>\u00bfQuieres aprender un nuevo idioma de la manera m\u00e1s efectiva para ti? Nuestro test te ayudar\u00e1 a identificar si eres un aprendiz independiente o si prefieres la gu\u00eda de un tutor. Al obtener tus resultados, comenzar\u00e1s a recibir nuestros <strong>contenidos HELP<\/strong>, dise\u00f1ados para mejorar tu aprendizaje, tanto si estudias por tu cuenta como con apoyo.<\/p><p>Adem\u00e1s, acceder\u00e1s a <strong>beneficios exclusivos<\/strong> si decides tomar un curso con nosotros, como un descuento especial en nuestro <strong>HELP Language Tester<\/strong>, una herramienta innovadora para evaluar y mejorar tu nivel en el idioma.<\/p>\t\t\t\t\t\t\t\t<\/div>\n\t\t\t\t<\/div>\n\t\t\t\t<div class=\"elementor-element elementor-element-dccf627 elementor-widget elementor-widget-heading\" data-id=\"dccf627\" data-element_type=\"widget\" data-e-type=\"widget\" data-widget_type=\"heading.default\">\n\t\t\t\t<div class=\"elementor-widget-container\">\n\t\t\t\t\t<h2 class=\"elementor-heading-title elementor-size-default\">Beneficios de HELP Language Testers<\/h2>\t\t\t\t<\/div>\n\t\t\t\t<\/div>\n\t\t\t\t<div class=\"elementor-element elementor-element-c541ee0 elementor-widget elementor-widget-text-editor\" data-id=\"c541ee0\" data-element_type=\"widget\" data-e-type=\"widget\" data-widget_type=\"text-editor.default\">\n\t\t\t\t<div class=\"elementor-widget-container\">\n\t\t\t\t\t\t\t\t\t<ul><li>Accede a materiales y recursos dise\u00f1ados espec\u00edficamente para estudiantes como t\u00fa.<\/li><li>Recibe recomendaciones y estrategias efectivas para avanzar m\u00e1s r\u00e1pido.<\/li><li>S\u00e9 el primero en enterarte y acceder a nuestras \u00faltimas herramientas y contenidos.<\/li><li>Consulta con nuestros tutores para resolver dudas y recibir orientaci\u00f3n personalizada.<\/li><li>Podr\u00e1s enfocarte en las \u00e1reas que m\u00e1s necesitan mejora.<\/li><\/ul>\t\t\t\t\t\t\t\t<\/div>\n\t\t\t\t<\/div>\n\t\t\t\t<\/div>\n\t\t<div class=\"elementor-element elementor-element-f8cd5d3 e-con-full e-flex e-con e-child\" data-id=\"f8cd5d3\" data-element_type=\"container\" data-e-type=\"container\" id=\"test\">\n\t\t\t\t<div class=\"elementor-element elementor-element-069a766 elementor-widget elementor-widget-html\" data-id=\"069a766\" data-element_type=\"widget\" data-e-type=\"widget\" data-widget_type=\"html.default\">\n\t\t\t\t<div class=\"elementor-widget-container\">\n\t\t\t\t\t<div data-tf-live=\"01JBNKV0RRKTCKTZ4AC11FZG5W\"><\/div><script src=\"\/\/embed.typeform.com\/next\/embed.js\"><\/script>\t\t\t\t<\/div>\n\t\t\t\t<\/div>\n\t\t\t\t<\/div>\n\t\t\t\t\t<\/div>\n\t\t\t\t<\/div>\n\t\t<div class=\"elementor-element elementor-element-7824c7c e-flex e-con-boxed e-con e-parent\" data-id=\"7824c7c\" data-element_type=\"container\" data-e-type=\"container\" data-settings=\"{&quot;background_background&quot;:&quot;gradient&quot;}\">\n\t\t\t\t\t<div class=\"e-con-inner\">\n\t\t\t\t<div class=\"elementor-element elementor-element-3cb50f6 elementor-widget elementor-widget-heading\" data-id=\"3cb50f6\" data-element_type=\"widget\" data-e-type=\"widget\" data-widget_type=\"heading.default\">\n\t\t\t\t<div class=\"elementor-widget-container\">\n\t\t\t\t\t<h2 class=\"elementor-heading-title elementor-size-default\">\u00bfEst\u00e1s listo?<\/h2>\t\t\t\t<\/div>\n\t\t\t\t<\/div>\n\t\t\t\t<div class=\"elementor-element elementor-element-4e91e23 elementor-widget elementor-widget-html\" data-id=\"4e91e23\" data-element_type=\"widget\" data-e-type=\"widget\" data-widget_type=\"html.default\">\n\t\t\t\t<div class=\"elementor-widget-container\">\n\t\t\t\t\t<div data-tf-live=\"01JBNMB133CTGKRE15DJFMWX32\"><\/div><script src=\"\/\/embed.typeform.com\/next\/embed.js\"><\/script>\t\t\t\t<\/div>\n\t\t\t\t<\/div>\n\t\t\t\t\t<\/div>\n\t\t\t\t<\/div>\n\t\t\t\t<\/div>\n\t\t","protected":false},"excerpt":{"rendered":"<p>Descubre tu tipo de aprendizaje Descubre tu estilo de aprendizaje y mejora tu habilidad para aprender idiomas con nuestro test. Convi\u00e9rtete en un pol\u00edglota y aprende c\u00f3mo dominar m\u00faltiples lenguas de manera efectiva. \u00bfQuieres aprender un nuevo idioma de la manera m\u00e1s efectiva para ti? Nuestro test te ayudar\u00e1 a identificar si eres un aprendiz [&hellip;]<\/p>\n","protected":false},"author":1,"featured_media":0,"parent":0,"menu_order":0,"comment_status":"closed","ping_status":"closed","template":"elementor_header_footer","meta":{"footnotes":""},"class_list":["post-260","page","type-page","status-publish","hentry"],"_links":{"self":[{"href":"https:\/\/see.monetae.com.co\/help\/wp-json\/wp\/v2\/pages\/260","targetHints":{"allow":["GET"]}}],"collection":[{"href":"https:\/\/see.monetae.com.co\/help\/wp-json\/wp\/v2\/pages"}],"about":[{"href":"https:\/\/see.monetae.com.co\/help\/wp-json\/wp\/v2\/types\/page"}],"author":[{"embeddable":true,"href":"https:\/\/see.monetae.com.co\/help\/wp-json\/wp\/v2\/users\/1"}],"replies":[{"embeddable":true,"href":"https:\/\/see.monetae.com.co\/help\/wp-json\/wp\/v2\/comments?post=260"}],"version-history":[{"count":16,"href":"https:\/\/see.monetae.com.co\/help\/wp-json\/wp\/v2\/pages\/260\/revisions"}],"predecessor-version":[{"id":278,"href":"https:\/\/see.monetae.com.co\/help\/wp-json\/wp\/v2\/pages\/260\/revisions\/278"}],"wp:attachment":[{"href":"https:\/\/see.monetae.com.co\/help\/wp-json\/wp\/v2\/media?parent=260"}],"curies":[{"name":"wp","href":"https:\/\/api.w.org\/{rel}","templated":true}]}}